{"id":1964,"date":"2016-08-10T08:51:14","date_gmt":"2016-08-10T08:51:14","guid":{"rendered":"http:\/\/book.fondation-catholille.org\/?page_id=8"},"modified":"2018-06-21T11:32:14","modified_gmt":"2018-06-21T09:32:14","slug":"edito","status":"publish","type":"page","link":"https:\/\/book.fondation-catholille.fr\/index.php\/edito\/","title":{"rendered":"Edito"},"content":{"rendered":"<div class=\"fusion-fullwidth fullwidth-box fusion-builder-row-1 hundred-percent-fullwidth non-hundred-percent-height-scrolling\" style=\"--awb-background-position:left top;--awb-border-radius-top-left:0px;--awb-border-radius-top-right:0px;--awb-border-radius-bottom-right:0px;--awb-border-radius-bottom-left:0px;--awb-padding-top:150px;--awb-padding-right:5.5%;--awb-padding-bottom:150px;--awb-padding-left:5.5%;--awb-border-sizes-top:0px;--awb-border-sizes-bottom:0px;--awb-flex-wrap:wrap;\" ><div class=\"fusion-builder-row fusion-row\"><div class=\"fusion-layout-column fusion_builder_column fusion-builder-column-0 fusion_builder_column_1_1 1_1 fusion-one-full fusion-column-first fusion-column-last\" style=\"--awb-bg-size:cover;\"><div class=\"fusion-column-wrapper fusion-flex-column-wrapper-legacy\"><div class=\"fusion-text fusion-text-1\"><p style=\"text-align: justify;\"><strong>Au fond, \u00ab\u00a0faire Universit\u00e9\u00a0\u00bb, voil\u00e0 le projet que nous pouvons partager.<\/strong> Si l\u2019on pensait \u00ab\u00a0univers-Cit\u00e9\u00a0\u00bb, Cit\u00e9 de l\u2019Universel. On pourrait dire que notre objectif \u00e0 tous, c\u2019est de transformer cette cit\u00e9 de l\u2019universel en une cit\u00e9 apprenante. Un lieu o\u00f9 les \u00e9tudiants, les professeurs, les entreprises cohabitent et viennent co-construire, co-\u00e9laborer les nouvelles formes de coop\u00e9ration dont nous avons besoin.<\/p>\n<p style=\"text-align: justify;\">Nous sortons de toute \u00e9vidence d\u2019une \u00e8re qui a vu les Hommes r\u00e9duire la nature, utiliser les ressources comme si elles \u00e9taient in\u00e9puisables et nous devons rentrer dans cette nouvelle \u00e8re, l\u2019\u00e8re de la coop\u00e9ration, l\u2019\u00e8re de la r\u00e9g\u00e9n\u00e9ration.<\/p>\n<p style=\"text-align: justify;\">Nous avons \u00e0 inventer tous les modes sur le plan social et sur le plan technique nous permettant de r\u00e9cr\u00e9er le monde autrement. Notre ambition c\u2019est donc que cette universit\u00e9, cit\u00e9 de l\u2019universel soit le lieu, le territoire habit\u00e9, par tous nos acteurs. Un lieu o\u00f9 ils apprennent en marchant \u00e0 cr\u00e9er ce nouveau monde.<\/p>\n<p style=\"text-align: justify;\">La campagne de m\u00e9c\u00e9nat \u00ab\u00a0L\u2019Excellence Partag\u00e9e\u00a0\u00bb n\u2019a \u00e9t\u00e9 possible que gr\u00e2ce au soutien et \u00e0 la confiance de nos partenaires, m\u00e9c\u00e8nes et donateurs. Leur engagement, leurs convictions et leur confiance sont un puissant levier de notre d\u00e9veloppement.<\/p>\n<p style=\"text-align: justify;\">Que vous, partenaires, m\u00e9c\u00e8nes et donateurs, receviez tous nos remerciements.<\/p>\n<p style=\"text-align: right;\"><strong>Pierre Giorgini<\/strong><br \/>\nPr\u00e9sident du Directoire de la Fondation<\/p>\n<\/div><div class=\"fusion-clearfix\"><\/div><\/div><\/div><\/div><\/div>\n","protected":false},"excerpt":{"rendered":"","protected":false},"author":2,"featured_media":0,"parent":0,"menu_order":0,"comment_status":"closed","ping_status":"closed","template":"100-width.php","meta":{"_exactmetrics_skip_tracking":false,"_exactmetrics_sitenote_active":false,"_exactmetrics_sitenote_note":"","_exactmetrics_sitenote_category":0,"footnotes":""},"class_list":["post-1964","page","type-page","status-publish","hentry"],"acf":[],"yoast_head":"<!-- This site is optimized with the Yoast SEO plugin v27.3 - https:\/\/yoast.com\/product\/yoast-seo-wordpress\/ -->\n<title>Edito - Book-Fondation de la Catho de Lille<\/title>\n<meta name=\"robots\" content=\"index, follow, max-snippet:-1, max-image-preview:large, max-video-preview:-1\" \/>\n<link rel=\"canonical\" href=\"https:\/\/book.fondation-catholille.fr\/index.php\/edito\/\" \/>\n<meta property=\"og:locale\" content=\"fr_FR\" \/>\n<meta property=\"og:type\" content=\"article\" \/>\n<meta property=\"og:title\" content=\"Edito - Book-Fondation de la Catho de Lille\" \/>\n<meta property=\"og:url\" content=\"https:\/\/book.fondation-catholille.fr\/index.php\/edito\/\" \/>\n<meta property=\"og:site_name\" content=\"Book-Fondation de la Catho de Lille\" \/>\n<meta property=\"article:modified_time\" content=\"2018-06-21T09:32:14+00:00\" \/>\n<meta name=\"twitter:card\" content=\"summary_large_image\" \/>\n<meta name=\"twitter:label1\" content=\"Dur\u00e9e de lecture estim\u00e9e\" \/>\n\t<meta name=\"twitter:data1\" content=\"2 minutes\" \/>\n<script type=\"application\/ld+json\" class=\"yoast-schema-graph\">{\"@context\":\"https:\\\/\\\/schema.org\",\"@graph\":[{\"@type\":\"WebPage\",\"@id\":\"https:\\\/\\\/book.fondation-catholille.fr\\\/index.php\\\/edito\\\/\",\"url\":\"https:\\\/\\\/book.fondation-catholille.fr\\\/index.php\\\/edito\\\/\",\"name\":\"Edito - Book-Fondation de la Catho de Lille\",\"isPartOf\":{\"@id\":\"https:\\\/\\\/book.fondation-catholille.org\\\/#website\"},\"datePublished\":\"2016-08-10T08:51:14+00:00\",\"dateModified\":\"2018-06-21T09:32:14+00:00\",\"breadcrumb\":{\"@id\":\"https:\\\/\\\/book.fondation-catholille.fr\\\/index.php\\\/edito\\\/#breadcrumb\"},\"inLanguage\":\"fr-FR\",\"potentialAction\":[{\"@type\":\"ReadAction\",\"target\":[\"https:\\\/\\\/book.fondation-catholille.fr\\\/index.php\\\/edito\\\/\"]}]},{\"@type\":\"BreadcrumbList\",\"@id\":\"https:\\\/\\\/book.fondation-catholille.fr\\\/index.php\\\/edito\\\/#breadcrumb\",\"itemListElement\":[{\"@type\":\"ListItem\",\"position\":1,\"name\":\"Accueil\",\"item\":\"https:\\\/\\\/book.fondation-catholille.fr\\\/\"},{\"@type\":\"ListItem\",\"position\":2,\"name\":\"Edito\"}]},{\"@type\":\"WebSite\",\"@id\":\"https:\\\/\\\/book.fondation-catholille.org\\\/#website\",\"url\":\"https:\\\/\\\/book.fondation-catholille.org\\\/\",\"name\":\"Book-Fondation de la Catho de Lille\",\"description\":\"Bilan de la campagne de m\u00e9c\u00e9nat &quot;L&#039;Excellence Partag\u00e9e&quot;\",\"potentialAction\":[{\"@type\":\"SearchAction\",\"target\":{\"@type\":\"EntryPoint\",\"urlTemplate\":\"https:\\\/\\\/book.fondation-catholille.org\\\/?s={search_term_string}\"},\"query-input\":{\"@type\":\"PropertyValueSpecification\",\"valueRequired\":true,\"valueName\":\"search_term_string\"}}],\"inLanguage\":\"fr-FR\"}]}<\/script>\n<!-- \/ Yoast SEO plugin. -->","yoast_head_json":{"title":"Edito - Book-Fondation de la Catho de Lille","robots":{"index":"index","follow":"follow","max-snippet":"max-snippet:-1","max-image-preview":"max-image-preview:large","max-video-preview":"max-video-preview:-1"},"canonical":"https:\/\/book.fondation-catholille.fr\/index.php\/edito\/","og_locale":"fr_FR","og_type":"article","og_title":"Edito - Book-Fondation de la Catho de Lille","og_url":"https:\/\/book.fondation-catholille.fr\/index.php\/edito\/","og_site_name":"Book-Fondation de la Catho de Lille","article_modified_time":"2018-06-21T09:32:14+00:00","twitter_card":"summary_large_image","twitter_misc":{"Dur\u00e9e de lecture estim\u00e9e":"2 minutes"},"schema":{"@context":"https:\/\/schema.org","@graph":[{"@type":"WebPage","@id":"https:\/\/book.fondation-catholille.fr\/index.php\/edito\/","url":"https:\/\/book.fondation-catholille.fr\/index.php\/edito\/","name":"Edito - Book-Fondation de la Catho de Lille","isPartOf":{"@id":"https:\/\/book.fondation-catholille.org\/#website"},"datePublished":"2016-08-10T08:51:14+00:00","dateModified":"2018-06-21T09:32:14+00:00","breadcrumb":{"@id":"https:\/\/book.fondation-catholille.fr\/index.php\/edito\/#breadcrumb"},"inLanguage":"fr-FR","potentialAction":[{"@type":"ReadAction","target":["https:\/\/book.fondation-catholille.fr\/index.php\/edito\/"]}]},{"@type":"BreadcrumbList","@id":"https:\/\/book.fondation-catholille.fr\/index.php\/edito\/#breadcrumb","itemListElement":[{"@type":"ListItem","position":1,"name":"Accueil","item":"https:\/\/book.fondation-catholille.fr\/"},{"@type":"ListItem","position":2,"name":"Edito"}]},{"@type":"WebSite","@id":"https:\/\/book.fondation-catholille.org\/#website","url":"https:\/\/book.fondation-catholille.org\/","name":"Book-Fondation de la Catho de Lille","description":"Bilan de la campagne de m\u00e9c\u00e9nat &quot;L&#039;Excellence Partag\u00e9e&quot;","potentialAction":[{"@type":"SearchAction","target":{"@type":"EntryPoint","urlTemplate":"https:\/\/book.fondation-catholille.org\/?s={search_term_string}"},"query-input":{"@type":"PropertyValueSpecification","valueRequired":true,"valueName":"search_term_string"}}],"inLanguage":"fr-FR"}]}},"_links":{"self":[{"href":"https:\/\/book.fondation-catholille.org\/index.php\/wp-json\/wp\/v2\/pages\/1964","targetHints":{"allow":["GET"]}}],"collection":[{"href":"https:\/\/book.fondation-catholille.org\/index.php\/wp-json\/wp\/v2\/pages"}],"about":[{"href":"https:\/\/book.fondation-catholille.org\/index.php\/wp-json\/wp\/v2\/types\/page"}],"author":[{"embeddable":true,"href":"https:\/\/book.fondation-catholille.org\/index.php\/wp-json\/wp\/v2\/users\/2"}],"replies":[{"embeddable":true,"href":"https:\/\/book.fondation-catholille.org\/index.php\/wp-json\/wp\/v2\/comments?post=1964"}],"version-history":[{"count":5,"href":"https:\/\/book.fondation-catholille.org\/index.php\/wp-json\/wp\/v2\/pages\/1964\/revisions"}],"predecessor-version":[{"id":2058,"href":"https:\/\/book.fondation-catholille.org\/index.php\/wp-json\/wp\/v2\/pages\/1964\/revisions\/2058"}],"wp:attachment":[{"href":"https:\/\/book.fondation-catholille.org\/index.php\/wp-json\/wp\/v2\/media?parent=1964"}],"curies":[{"name":"wp","href":"https:\/\/api.w.org\/{rel}","templated":true}]}}